{"id":3287,"date":"2014-05-20T09:01:07","date_gmt":"2014-05-20T08:01:07","guid":{"rendered":"http:\/\/www.dog-tag.nl\/product\/key-ring\/"},"modified":"2024-11-28T12:02:21","modified_gmt":"2024-11-28T11:02:21","slug":"key-ring","status":"publish","type":"product","link":"https:\/\/dogtag.previewvanwebsite.nl\/en\/product\/key-ring\/","title":{"rendered":"Key Ring"},"content":{"rendered":"<p>&#8211;<\/p>\n","protected":false},"excerpt":{"rendered":"<p>Key Rings are silver colored<\/p>\n<p>Available characters:<br \/>\n0-9 A-Z \u00c7 \u00d6 \u00d8 \u00dc @ . , ? ! + \u2013 = : < _ \u2665 = # * % &#038; \/ ( )\n\nHow to use these characters:\nselect a character above, copy (CTRL+C) and paste (CTRL+V) it into a text field below.\n<\/p>\n","protected":false},"featured_media":3078,"comment_status":"open","ping_status":"closed","template":"","meta":{"_uag_custom_page_level_css":""},"product_brand":[],"product_cat":[93],"product_tag":[],"class_list":{"0":"post-3287","1":"product","2":"type-product","3":"status-publish","4":"has-post-thumbnail","6":"product_cat-key-ring","8":"first","9":"instock","10":"taxable","11":"shipping-taxable","12":"purchasable","13":"product-type-simple"},"exclude_global_add_ons":false,"addons":[{"name":"Ik wil de tekst","type":"multiple_choice","position":0,"required":true,"title_format":"heading","default":"","description_enable":false,"description":"","placeholder_enable":false,"placeholder":"","display":"radiobutton","restrictions_type":"any_text","adjust_price":false,"price":"","price_type":"","restrictions":false,"min":"0","max":"0","options":[{"label":"Links Uitgelijnd","price":"","price_type":"quantity_based","image":0,"visibility":true},{"label":"Gecentreerd","price":"","price_type":"quantity_based","image":0,"visibility":true}]},{"name":"Regel 1","type":"heading","position":0,"required":false,"title_format":"label","default":"","description_enable":false,"description":"","placeholder_enable":false,"placeholder":"","display":"select","restrictions_type":"any_text","adjust_price":false,"price":"","price_type":"","restrictions":false,"min":"0","max":"0","options":[]},{"name":"Regel 1","type":"custom_text","position":0,"required":false,"title_format":"hide","default":"","description_enable":false,"description":"","placeholder_enable":false,"placeholder":"","display":"select","restrictions_type":"any_text","adjust_price":false,"price":"","price_type":"quantity_based","restrictions":true,"min":"","max":"15","options":[]},{"name":"Regel 2","type":"heading","position":0,"required":false,"title_format":"label","default":"","description_enable":false,"description":"","placeholder_enable":false,"placeholder":"","display":"select","restrictions_type":"any_text","adjust_price":false,"price":"","price_type":"","restrictions":false,"min":"0","max":"0","options":[]},{"name":"Regel 2","type":"custom_text","position":0,"required":false,"title_format":"hide","default":"","description_enable":false,"description":"","placeholder_enable":false,"placeholder":"","display":"select","restrictions_type":"any_text","adjust_price":false,"price":"","price_type":"quantity_based","restrictions":true,"min":"","max":"16","options":[]},{"name":"Regel 3","type":"heading","position":0,"required":false,"title_format":"label","default":"","description_enable":false,"description":"","placeholder_enable":false,"placeholder":"","display":"select","restrictions_type":"any_text","adjust_price":false,"price":"","price_type":"","restrictions":false,"min":"0","max":"0","options":[]},{"name":"Regel 3","type":"custom_text","position":0,"required":false,"title_format":"hide","default":"","description_enable":false,"description":"","placeholder_enable":false,"placeholder":"","display":"select","restrictions_type":"any_text","adjust_price":false,"price":"","price_type":"quantity_based","restrictions":true,"min":"","max":"16","options":[]},{"name":"Regel 4","type":"heading","position":0,"required":false,"title_format":"label","default":"","description_enable":false,"description":"","placeholder_enable":false,"placeholder":"","display":"select","restrictions_type":"any_text","adjust_price":false,"price":"","price_type":"","restrictions":false,"min":"0","max":"0","options":[]},{"name":"Regel 4","type":"custom_text","position":0,"required":false,"title_format":"hide","default":"","description_enable":false,"description":"","placeholder_enable":false,"placeholder":"","display":"select","restrictions_type":"any_text","adjust_price":false,"price":"","price_type":"quantity_based","restrictions":true,"min":"","max":"16","options":[]},{"name":"Regel 5","type":"heading","position":0,"required":false,"title_format":"label","default":"","description_enable":false,"description":"","placeholder_enable":false,"placeholder":"","display":"select","restrictions_type":"any_text","adjust_price":false,"price":"","price_type":"","restrictions":false,"min":"0","max":"0","options":[]},{"name":"Regel 5","type":"custom_text","position":0,"required":false,"title_format":"hide","default":"","description_enable":false,"description":"","placeholder_enable":false,"placeholder":"","display":"select","restrictions_type":"any_text","adjust_price":false,"price":"","price_type":"quantity_based","restrictions":true,"min":"","max":"15","options":[]},{"name":"Silencers","type":"multiple_choice","position":6,"required":false,"title_format":"heading","default":"","description_enable":false,"description":"","placeholder_enable":false,"placeholder":"","display":"select","restrictions_type":"any_text","adjust_price":false,"price":"","price_type":"","restrictions":false,"min":"0","max":"0","options":[{"label":"ACU Camouflage","price":"1.75","price_type":"quantity_based","image":0,"visibility":true},{"label":"Army","price":"1.75","price_type":"quantity_based","image":0,"visibility":true},{"label":"Blauw","price":"1.75","price_type":"quantity_based","image":0,"visibility":true},{"label":"Bruin","price":"1.75","price_type":"quantity_based","image":0,"visibility":true},{"label":"Desert Storm","price":"1.75","price_type":"quantity_based","image":0,"visibility":true},{"label":"Desert U.S. G.I.","price":"1.75","price_type":"quantity_based","image":0,"visibility":true},{"label":"City Camouflage","price":"1.75","price_type":"quantity_based","image":0,"visibility":true},{"label":"Doorzichtig","price":"1.75","price_type":"quantity_based","image":0,"visibility":true},{"label":"Geel","price":"1.75","price_type":"quantity_based","image":0,"visibility":true},{"label":"Grijs","price":"1.75","price_type":"quantity_based","image":0,"visibility":true},{"label":"Groen","price":"1.75","price_type":"quantity_based","image":0,"visibility":true},{"label":"Lichtgroen","price":"1.75","price_type":"quantity_based","image":0,"visibility":true},{"label":"Lime","price":"1.75","price_type":"quantity_based","image":0,"visibility":true},{"label":"Oranje","price":"1.75","price_type":"quantity_based","image":0,"visibility":true},{"label":"Rain Forest","price":"1.75","price_type":"quantity_based","image":0,"visibility":true},{"label":"Rood","price":"1.75","price_type":"quantity_based","image":0,"visibility":true},{"label":"Roze","price":"1.75","price_type":"quantity_based","image":0,"visibility":true},{"label":"Urban Camouflage","price":"1.75","price_type":"quantity_based","image":0,"visibility":true},{"label":"USA Vlag","price":"1.75","price_type":"quantity_based","image":0,"visibility":true},{"label":"Wit","price":"1.75","price_type":"quantity_based","image":0,"visibility":true},{"label":"Zwart","price":"1.75","price_type":"quantity_based","image":0,"visibility":true},{"label":"Glow in the Dark (Blauw)","price":"1.75","price_type":"quantity_based","image":0,"visibility":true},{"label":"Glow in the Dark (Geel)","price":"1.75","price_type":"quantity_based","image":0,"visibility":true},{"label":"Glow in the Dark (Groen)","price":"1.75","price_type":"quantity_based","image":0,"visibility":true},{"label":"Glow in the Dark (Roze)","price":"1.75","price_type":"quantity_based","image":0,"visibility":true}]}],"yoast_head":"<!-- This site is optimized with the Yoast SEO plugin v27.2 - https:\/\/yoast.com\/product\/yoast-seo-wordpress\/ -->\n<title>Key Ring - Legerplaatjes Dog Tags<\/title>\n<meta name=\"robots\" content=\"noindex, follow, max-snippet:-1, max-image-preview:large, max-video-preview:-1\" \/>\n<meta property=\"og:locale\" content=\"en_US\" \/>\n<meta property=\"og:type\" content=\"article\" \/>\n<meta property=\"og:title\" content=\"Key Ring - Legerplaatjes Dog Tags\" \/>\n<meta property=\"og:description\" content=\"Key Rings are silver colored  Available characters: 0-9 A-Z \u00c7 \u00d6 \u00d8 \u00dc @ . , ? ! + \u2013 = : &lt; _ \u2665 = # * % &amp; \/ ( )  How to use these characters: select a character above, copy (CTRL+C) and paste (CTRL+V) it into a text field below.\" \/>\n<meta property=\"og:url\" content=\"https:\/\/dogtag.previewvanwebsite.nl\/en\/product\/key-ring\/\" \/>\n<meta property=\"og:site_name\" content=\"Legerplaatjes Dog Tags\" \/>\n<meta property=\"article:publisher\" content=\"https:\/\/www.facebook.com\/dog.tag.nl\" \/>\n<meta property=\"article:modified_time\" content=\"2024-11-28T11:02:21+00:00\" \/>\n<meta property=\"og:image\" content=\"https:\/\/dogtag.previewvanwebsite.nl\/wp-content\/uploads\/2012\/08\/Sleutelhanger.jpg\" \/>\n\t<meta property=\"og:image:width\" content=\"2106\" \/>\n\t<meta property=\"og:image:height\" content=\"2106\" \/>\n\t<meta property=\"og:image:type\" content=\"image\/jpeg\" \/>\n<meta name=\"twitter:card\" content=\"summary_large_image\" \/>\n<script type=\"application\/ld+json\" class=\"yoast-schema-graph\">{\"@context\":\"https:\/\/schema.org\",\"@graph\":[{\"@type\":\"WebPage\",\"@id\":\"https:\/\/dogtag.previewvanwebsite.nl\/en\/product\/key-ring\/\",\"url\":\"https:\/\/dogtag.previewvanwebsite.nl\/en\/product\/key-ring\/\",\"name\":\"Key Ring - Legerplaatjes Dog Tags\",\"isPartOf\":{\"@id\":\"https:\/\/dogtag.previewvanwebsite.nl\/en\/#website\"},\"primaryImageOfPage\":{\"@id\":\"https:\/\/dogtag.previewvanwebsite.nl\/en\/product\/key-ring\/#primaryimage\"},\"image\":{\"@id\":\"https:\/\/dogtag.previewvanwebsite.nl\/en\/product\/key-ring\/#primaryimage\"},\"thumbnailUrl\":\"https:\/\/dogtag.previewvanwebsite.nl\/wp-content\/uploads\/2012\/08\/Sleutelhanger.jpg\",\"datePublished\":\"2014-05-20T08:01:07+00:00\",\"dateModified\":\"2024-11-28T11:02:21+00:00\",\"breadcrumb\":{\"@id\":\"https:\/\/dogtag.previewvanwebsite.nl\/en\/product\/key-ring\/#breadcrumb\"},\"inLanguage\":\"en-US\",\"potentialAction\":[{\"@type\":\"ReadAction\",\"target\":[\"https:\/\/dogtag.previewvanwebsite.nl\/en\/product\/key-ring\/\"]}]},{\"@type\":\"ImageObject\",\"inLanguage\":\"en-US\",\"@id\":\"https:\/\/dogtag.previewvanwebsite.nl\/en\/product\/key-ring\/#primaryimage\",\"url\":\"https:\/\/dogtag.previewvanwebsite.nl\/wp-content\/uploads\/2012\/08\/Sleutelhanger.jpg\",\"contentUrl\":\"https:\/\/dogtag.previewvanwebsite.nl\/wp-content\/uploads\/2012\/08\/Sleutelhanger.jpg\",\"width\":2106,\"height\":2106},{\"@type\":\"BreadcrumbList\",\"@id\":\"https:\/\/dogtag.previewvanwebsite.nl\/en\/product\/key-ring\/#breadcrumb\",\"itemListElement\":[{\"@type\":\"ListItem\",\"position\":1,\"name\":\"Startpagina\",\"item\":\"https:\/\/dogtag.previewvanwebsite.nl\/en\/\"},{\"@type\":\"ListItem\",\"position\":2,\"name\":\"Shop\",\"item\":\"https:\/\/dogtag.previewvanwebsite.nl\/en\/shop\/\"},{\"@type\":\"ListItem\",\"position\":3,\"name\":\"Key Ring\"}]},{\"@type\":\"WebSite\",\"@id\":\"https:\/\/dogtag.previewvanwebsite.nl\/en\/#website\",\"url\":\"https:\/\/dogtag.previewvanwebsite.nl\/en\/\",\"name\":\"Legerplaatjes Dog Tags\",\"description\":\"Wear your own identity!\",\"publisher\":{\"@id\":\"https:\/\/dogtag.previewvanwebsite.nl\/en\/#organization\"},\"potentialAction\":[{\"@type\":\"SearchAction\",\"target\":{\"@type\":\"EntryPoint\",\"urlTemplate\":\"https:\/\/dogtag.previewvanwebsite.nl\/en\/?s={search_term_string}\"},\"query-input\":{\"@type\":\"PropertyValueSpecification\",\"valueRequired\":true,\"valueName\":\"search_term_string\"}}],\"inLanguage\":\"en-US\"},{\"@type\":\"Organization\",\"@id\":\"https:\/\/dogtag.previewvanwebsite.nl\/en\/#organization\",\"name\":\"Dog Tag\",\"url\":\"https:\/\/dogtag.previewvanwebsite.nl\/en\/\",\"logo\":{\"@type\":\"ImageObject\",\"inLanguage\":\"en-US\",\"@id\":\"https:\/\/dogtag.previewvanwebsite.nl\/en\/#\/schema\/logo\/image\/\",\"url\":\"https:\/\/dogtag.previewvanwebsite.nl\/wp-content\/uploads\/2019\/02\/cropped-cropped-logo-dogtag-225.png\",\"contentUrl\":\"https:\/\/dogtag.previewvanwebsite.nl\/wp-content\/uploads\/2019\/02\/cropped-cropped-logo-dogtag-225.png\",\"width\":220,\"height\":85,\"caption\":\"Dog Tag\"},\"image\":{\"@id\":\"https:\/\/dogtag.previewvanwebsite.nl\/en\/#\/schema\/logo\/image\/\"},\"sameAs\":[\"https:\/\/www.facebook.com\/dog.tag.nl\"]}]}<\/script>\n<!-- \/ Yoast SEO plugin. -->","yoast_head_json":{"title":"Key Ring - Legerplaatjes Dog Tags","robots":{"index":"noindex","follow":"follow","max-snippet":"max-snippet:-1","max-image-preview":"max-image-preview:large","max-video-preview":"max-video-preview:-1"},"og_locale":"en_US","og_type":"article","og_title":"Key Ring - Legerplaatjes Dog Tags","og_description":"Key Rings are silver colored  Available characters: 0-9 A-Z \u00c7 \u00d6 \u00d8 \u00dc @ . , ? ! + \u2013 = : < _ \u2665 = # * % & \/ ( )  How to use these characters: select a character above, copy (CTRL+C) and paste (CTRL+V) it into a text field below.","og_url":"https:\/\/dogtag.previewvanwebsite.nl\/en\/product\/key-ring\/","og_site_name":"Legerplaatjes Dog Tags","article_publisher":"https:\/\/www.facebook.com\/dog.tag.nl","article_modified_time":"2024-11-28T11:02:21+00:00","og_image":[{"width":2106,"height":2106,"url":"https:\/\/dogtag.previewvanwebsite.nl\/wp-content\/uploads\/2012\/08\/Sleutelhanger.jpg","type":"image\/jpeg"}],"twitter_card":"summary_large_image","schema":{"@context":"https:\/\/schema.org","@graph":[{"@type":"WebPage","@id":"https:\/\/dogtag.previewvanwebsite.nl\/en\/product\/key-ring\/","url":"https:\/\/dogtag.previewvanwebsite.nl\/en\/product\/key-ring\/","name":"Key Ring - Legerplaatjes Dog Tags","isPartOf":{"@id":"https:\/\/dogtag.previewvanwebsite.nl\/en\/#website"},"primaryImageOfPage":{"@id":"https:\/\/dogtag.previewvanwebsite.nl\/en\/product\/key-ring\/#primaryimage"},"image":{"@id":"https:\/\/dogtag.previewvanwebsite.nl\/en\/product\/key-ring\/#primaryimage"},"thumbnailUrl":"https:\/\/dogtag.previewvanwebsite.nl\/wp-content\/uploads\/2012\/08\/Sleutelhanger.jpg","datePublished":"2014-05-20T08:01:07+00:00","dateModified":"2024-11-28T11:02:21+00:00","breadcrumb":{"@id":"https:\/\/dogtag.previewvanwebsite.nl\/en\/product\/key-ring\/#breadcrumb"},"inLanguage":"en-US","potentialAction":[{"@type":"ReadAction","target":["https:\/\/dogtag.previewvanwebsite.nl\/en\/product\/key-ring\/"]}]},{"@type":"ImageObject","inLanguage":"en-US","@id":"https:\/\/dogtag.previewvanwebsite.nl\/en\/product\/key-ring\/#primaryimage","url":"https:\/\/dogtag.previewvanwebsite.nl\/wp-content\/uploads\/2012\/08\/Sleutelhanger.jpg","contentUrl":"https:\/\/dogtag.previewvanwebsite.nl\/wp-content\/uploads\/2012\/08\/Sleutelhanger.jpg","width":2106,"height":2106},{"@type":"BreadcrumbList","@id":"https:\/\/dogtag.previewvanwebsite.nl\/en\/product\/key-ring\/#breadcrumb","itemListElement":[{"@type":"ListItem","position":1,"name":"Startpagina","item":"https:\/\/dogtag.previewvanwebsite.nl\/en\/"},{"@type":"ListItem","position":2,"name":"Shop","item":"https:\/\/dogtag.previewvanwebsite.nl\/en\/shop\/"},{"@type":"ListItem","position":3,"name":"Key Ring"}]},{"@type":"WebSite","@id":"https:\/\/dogtag.previewvanwebsite.nl\/en\/#website","url":"https:\/\/dogtag.previewvanwebsite.nl\/en\/","name":"Legerplaatjes Dog Tags","description":"Wear your own identity!","publisher":{"@id":"https:\/\/dogtag.previewvanwebsite.nl\/en\/#organization"},"potentialAction":[{"@type":"SearchAction","target":{"@type":"EntryPoint","urlTemplate":"https:\/\/dogtag.previewvanwebsite.nl\/en\/?s={search_term_string}"},"query-input":{"@type":"PropertyValueSpecification","valueRequired":true,"valueName":"search_term_string"}}],"inLanguage":"en-US"},{"@type":"Organization","@id":"https:\/\/dogtag.previewvanwebsite.nl\/en\/#organization","name":"Dog Tag","url":"https:\/\/dogtag.previewvanwebsite.nl\/en\/","logo":{"@type":"ImageObject","inLanguage":"en-US","@id":"https:\/\/dogtag.previewvanwebsite.nl\/en\/#\/schema\/logo\/image\/","url":"https:\/\/dogtag.previewvanwebsite.nl\/wp-content\/uploads\/2019\/02\/cropped-cropped-logo-dogtag-225.png","contentUrl":"https:\/\/dogtag.previewvanwebsite.nl\/wp-content\/uploads\/2019\/02\/cropped-cropped-logo-dogtag-225.png","width":220,"height":85,"caption":"Dog Tag"},"image":{"@id":"https:\/\/dogtag.previewvanwebsite.nl\/en\/#\/schema\/logo\/image\/"},"sameAs":["https:\/\/www.facebook.com\/dog.tag.nl"]}]}},"uagb_featured_image_src":{"full":["https:\/\/dogtag.previewvanwebsite.nl\/wp-content\/uploads\/2012\/08\/Sleutelhanger.jpg",2106,2106,false],"thumbnail":["https:\/\/dogtag.previewvanwebsite.nl\/wp-content\/uploads\/2012\/08\/Sleutelhanger-150x150.jpg",150,150,true],"medium":["https:\/\/dogtag.previewvanwebsite.nl\/wp-content\/uploads\/2012\/08\/Sleutelhanger-300x300.jpg",300,300,true],"medium_large":["https:\/\/dogtag.previewvanwebsite.nl\/wp-content\/uploads\/2012\/08\/Sleutelhanger.jpg",768,768,false],"large":["https:\/\/dogtag.previewvanwebsite.nl\/wp-content\/uploads\/2012\/08\/Sleutelhanger-1024x1024.jpg",980,980,true],"1536x1536":["https:\/\/dogtag.previewvanwebsite.nl\/wp-content\/uploads\/2012\/08\/Sleutelhanger.jpg",1536,1536,false],"2048x2048":["https:\/\/dogtag.previewvanwebsite.nl\/wp-content\/uploads\/2012\/08\/Sleutelhanger.jpg",2048,2048,false],"woocommerce_thumbnail":["https:\/\/dogtag.previewvanwebsite.nl\/wp-content\/uploads\/2012\/08\/Sleutelhanger-324x324.jpg",324,324,true],"woocommerce_single":["https:\/\/dogtag.previewvanwebsite.nl\/wp-content\/uploads\/2012\/08\/Sleutelhanger-416x416.jpg",416,416,true],"woocommerce_gallery_thumbnail":["https:\/\/dogtag.previewvanwebsite.nl\/wp-content\/uploads\/2012\/08\/Sleutelhanger-100x100.jpg",100,100,true]},"uagb_author_info":{"display_name":"De Web Specialist","author_link":"https:\/\/dogtag.previewvanwebsite.nl\/en\/author\/"},"uagb_comment_info":0,"uagb_excerpt":"Key Rings are silver colored Available characters: 0-9 A-Z \u00c7 \u00d6 \u00d8 \u00dc @ . , ? ! + \u2013 = : < _ \u2665 = # * % & \/ ( ) How to use these characters: select a character above, copy (CTRL+C) and paste (CTRL+V) it into a text field below.","_links":{"self":[{"href":"https:\/\/dogtag.previewvanwebsite.nl\/en\/wp-json\/wp\/v2\/product\/3287","targetHints":{"allow":["GET"]}}],"collection":[{"href":"https:\/\/dogtag.previewvanwebsite.nl\/en\/wp-json\/wp\/v2\/product"}],"about":[{"href":"https:\/\/dogtag.previewvanwebsite.nl\/en\/wp-json\/wp\/v2\/types\/product"}],"replies":[{"embeddable":true,"href":"https:\/\/dogtag.previewvanwebsite.nl\/en\/wp-json\/wp\/v2\/comments?post=3287"}],"wp:featuredmedia":[{"embeddable":true,"href":"https:\/\/dogtag.previewvanwebsite.nl\/en\/wp-json\/wp\/v2\/media\/3078"}],"wp:attachment":[{"href":"https:\/\/dogtag.previewvanwebsite.nl\/en\/wp-json\/wp\/v2\/media?parent=3287"}],"wp:term":[{"taxonomy":"product_brand","embeddable":true,"href":"https:\/\/dogtag.previewvanwebsite.nl\/en\/wp-json\/wp\/v2\/product_brand?post=3287"},{"taxonomy":"product_cat","embeddable":true,"href":"https:\/\/dogtag.previewvanwebsite.nl\/en\/wp-json\/wp\/v2\/product_cat?post=3287"},{"taxonomy":"product_tag","embeddable":true,"href":"https:\/\/dogtag.previewvanwebsite.nl\/en\/wp-json\/wp\/v2\/product_tag?post=3287"}],"curies":[{"name":"wp","href":"https:\/\/api.w.org\/{rel}","templated":true}]}}